{"id":28874,"date":"2018-11-02T11:17:05","date_gmt":"2018-11-02T10:17:05","guid":{"rendered":"http:\/\/qz3j6take.preview.infomaniak.website\/?page_id=28874"},"modified":"2019-03-11T18:06:08","modified_gmt":"2019-03-11T17:06:08","slug":"historique","status":"publish","type":"page","link":"https:\/\/www.corpsdedieu.ch\/?page_id=28874","title":{"rendered":"Historique"},"content":{"rendered":"<p>[et_pb_section fb_built=\u00a0\u00bb1&Prime; _builder_version=\u00a0\u00bb3.0.47&Prime;][et_pb_row _builder_version=\u00a0\u00bb3.20.1&Prime; background_size=\u00a0\u00bbinitial\u00a0\u00bb background_position=\u00a0\u00bbtop_left\u00a0\u00bb background_repeat=\u00a0\u00bbrepeat\u00a0\u00bb][et_pb_column type=\u00a0\u00bb4_4&Prime; _builder_version=\u00a0\u00bb3.0.47&Prime;][et_pb_image src=\u00a0\u00bb\/wp-content\/uploads\/2019\/03\/historique.jpg\u00a0\u00bb align=\u00a0\u00bbcenter\u00a0\u00bb _builder_version=\u00a0\u00bb3.20.1&Prime; max_width=\u00a0\u00bb72%\u00a0\u00bb module_alignment=\u00a0\u00bbcenter\u00a0\u00bb filter_brightness=\u00a0\u00bb97%\u00a0\u00bb filter_sepia=\u00a0\u00bb21%\u00a0\u00bb animation_style=\u00a0\u00bbfold\u00a0\u00bb][\/et_pb_image][et_pb_post_title meta=\u00a0\u00bboff\u00a0\u00bb _builder_version=\u00a0\u00bb3.20.1&Prime;][\/et_pb_post_title][et_pb_text admin_label=\u00a0\u00bbTexte\u00a0\u00bb _builder_version=\u00a0\u00bb3.20.1&Prime; background_size=\u00a0\u00bbinitial\u00a0\u00bb background_position=\u00a0\u00bbtop_left\u00a0\u00bb background_repeat=\u00a0\u00bbrepeat\u00a0\u00bb]<\/p>\n<p>D\u00e8s le XIII\u00e8me si\u00e8cle, les confr\u00e9ries jou\u00e8rent dans nos paroisses un r\u00f4le humanitaire important. C\u2019\u00e9taient en effet des associations de personnes pieuses et d\u00e9vou\u00e9es qui animaient et soutenaient la vie religieuse et sociale. En Valais, la premi\u00e8re Confr\u00e9rie du Saint-Esprit fut fond\u00e9e au milieu du XIII\u00e8me si\u00e8cle dans le val d\u2019Anniviers. La Confr\u00e9rie du Saint-Sacrement faisait c\u00e9l\u00e9brer dignement la F\u00eate-Dieu, notre confr\u00e9rie en est donc sa digne fille h\u00e9riti\u00e8re.<\/p>\n<p>L\u2019\u00e9glise de Chippis formait paroisse d\u00e9j\u00e0 au XIII\u00e8me si\u00e8cle. Mais la juridiction curiale de Chalais sur Chippis \u00e9tait en vigueur. Notre communaut\u00e9 devait donc participer aux frais de l\u2019\u00e9glise et de la cure de la paroisse m\u00e8re. Notre ind\u00e9pendance totale en mati\u00e8re paroissiale interviendra \u00e0 la suite du terrible tremblement de terre du 25 juillet 1855. Chippis s\u2019occupa aussit\u00f4t de transformer sa chapelle en une vaste \u00e9glise paroissiale comprenant cinq autels, consacr\u00e9e le 20 juillet 1868.<\/p>\n<p>La premi\u00e8re assembl\u00e9e du Corps de Dieu de Chippis a eu lieu le 11 juin 1868. Notre confr\u00e9rie avait ax\u00e9 son action sur l\u2019aspect militaire de la F\u00eate-Dieu, en appelant son assembl\u00e9e, s\u00e9ance militaire ou r\u00e9union militaire. Celle-ci \u00e9tait compl\u00e9t\u00e9e par une agape o\u00f9 l\u2019on faisait honneur au pain, au fromage et au vin.<\/p>\n<p>Le premier pr\u00e9sident de notre confr\u00e9rie s\u2019appelait Zacharie Zufferey de Gabriel et il resta en fonction durant pr\u00e8s de 30 ans. Les buts de la confr\u00e9rie \u00e9taient de tenir la s\u00e9ance militaire, de faire honneur \u00e0 la parade du jour et de proc\u00e9der au r\u00e8glement de ses d\u00e9penses. A l\u2019occasion de l\u2019assembl\u00e9e on assistait \u00e9galement \u00e0 la traditionnelle mise en adjudication des places disponibles pour la parade. Pendant longtemps, plusieurs reposoirs \u00e9taient install\u00e9s dans les rues de notre village.<\/p>\n<p>Le pr\u00e9sident en fonction, fonctionnait comme commandant de la parade. Le sapeur, arm\u00e9 de sa hache, d\u00e9filait en t\u00eate du d\u00e9tachement. Le porte-drapeau ainsi que les quatre gardes du drapeau, \u00e9taient dirig\u00e9s par un commandant du drapeau. Puis venaient les artilleurs, les carabiniers et les tirailleurs. A cette \u00e9poque le drapeau \u00e9tait celui de la bourgeoisie. Notre drapeau actuel a \u00e9t\u00e9 b\u00e9ni en\u00a0 1963 et ce sont les s\u0153urs de G\u00e9ronde qui en ont eu la charge de sa confection.<\/p>\n<p>[\/et_pb_text][et_pb_image src=\u00a0\u00bb\/wp-content\/uploads\/2019\/03\/vigne-1.jpg\u00a0\u00bb align=\u00a0\u00bbcenter\u00a0\u00bb _builder_version=\u00a0\u00bb3.20.1&Prime; max_width=\u00a0\u00bb72%\u00a0\u00bb module_alignment=\u00a0\u00bbcenter\u00a0\u00bb filter_brightness=\u00a0\u00bb97%\u00a0\u00bb filter_sepia=\u00a0\u00bb21%\u00a0\u00bb animation_style=\u00a0\u00bbfold\u00a0\u00bb][\/et_pb_image][et_pb_text admin_label=\u00a0\u00bbTexte\u00a0\u00bb _builder_version=\u00a0\u00bb3.20.1&Prime; background_size=\u00a0\u00bbinitial\u00a0\u00bb background_position=\u00a0\u00bbtop_left\u00a0\u00bb background_repeat=\u00a0\u00bbrepeat\u00a0\u00bb]<\/p>\n<p>D\u00e8s la fondation de notre confr\u00e9rie, c\u2019\u00e9tait la bourgeoisie qui se faisait un plaisir d\u2019offrir le vin de la F\u00eate-Dieu.\u00a0 Mais tr\u00e8s t\u00f4t nos anc\u00eatres envisag\u00e8rent d\u2019acqu\u00e9rir une vigne. En 1875, la premi\u00e8re vigne, sise \u00e0 Sous-G\u00e9ronde, fut achet\u00e9e. Tous les soci\u00e9taires \u00e9taient tenus de travailler la vigne. En 1900, la deuxi\u00e8me vigne, sise sur la commune de Veyras fut \u00e9galement achet\u00e9e. D\u00e8s lors, la fonction de vigneron-procureur fut cr\u00e9\u00e9, elle laissa par la suite la place \u00e0 la fonction de m\u00e9tral.<\/p>\n<p>A l\u2019occasion de d\u00e9c\u00e8s, les domicili\u00e9s \u00e0 Chippis devaient obligatoirement participer au convoi fun\u00e8bre. On instaura des amendes pour les personnes qui n\u2019\u00e9taient pas pr\u00e9sentes \u00e0 un ensevelissement.<\/p>\n<p>Nos fondateurs se faisaient un point d\u2019honneur d\u2019organiser \u00e0 la perfection la parade de la F\u00eate-Dieu. Ils fix\u00e8rent l\u2019obligation de parader jusqu\u2019\u00e0 l\u2019\u00e2ge de 50 ans pour les militaires incorpor\u00e9s au service et seuls les militaires pouvaient assister \u00e0 la r\u00e9ception le jour de la F\u00eate-Dieu. Nos anc\u00eatres ont eu recours \u00e0 des mercenaires musiciens pour rehausser la F\u00eate-Dieu \u00e9tant donn\u00e9 que notre fanfare municipale n\u2019a vu le jour qu\u2019en 1907.<\/p>\n<p>Pour marquer l\u2019esprit d\u2019union, tr\u00e8s t\u00f4t, on a \u00e9mis le v\u0153u de porter un insigne. Le port de cet insigne \u00e9tait exig\u00e9 lors d\u2019un enterrement de soci\u00e9taires. Nos rencontres \u00e9taient presque toujours closes par le chant de l\u2019hymne national.<\/p>\n<p>Le commandant avait pour t\u00e2che de garantir la discipline des militaires durant les c\u00e9r\u00e9monies de la F\u00eate-Dieu. A une certaine \u00e9poque, nos confr\u00e8res sont m\u00eame all\u00e9s jusqu\u2019\u00e0 supprimer la parade militaire ceci afin de rehausser la solennit\u00e9 par une garde d\u2019honneur compos\u00e9e de cinq Vieux Suisses.<\/p>\n<p>Les nouveaux statuts ont \u00e9t\u00e9 adopt\u00e9s par l\u2019assembl\u00e9e de 1970. Les fils de membres, les bourgeois de Chippis et les habitants de Chippis sont admis au sein de notre soci\u00e9t\u00e9. Des membres honoraires sont \u00e9galement pr\u00e9vus dans nos statuts.<\/p>\n<p>Notre soci\u00e9t\u00e9 compte actuellement une huitantaine de membres, notre assembl\u00e9e g\u00e9n\u00e9rale a lieu le troisi\u00e8me dimanche de janvier. Nous sentons au travers de la ferveur de nos confr\u00e8res vibrer la passion et la fiert\u00e9, ainsi notre parade et notre reposoir en sont leur digne illustration.<\/p>\n<p>[\/et_pb_text][\/et_pb_column][\/et_pb_row][et_pb_row _builder_version=\u00a0\u00bb3.0.48&Prime; background_size=\u00a0\u00bbinitial\u00a0\u00bb background_position=\u00a0\u00bbtop_left\u00a0\u00bb background_repeat=\u00a0\u00bbrepeat\u00a0\u00bb][et_pb_column type=\u00a0\u00bb4_4&Prime; _builder_version=\u00a0\u00bb3.0.47&Prime;][\/et_pb_column][\/et_pb_row][\/et_pb_section]<\/p>\n","protected":false},"excerpt":{"rendered":"<p>D\u00e8s le XIII\u00e8me si\u00e8cle, les confr\u00e9ries jou\u00e8rent dans nos paroisses un r\u00f4le humanitaire important. C\u2019\u00e9taient en effet des associations de personnes pieuses et d\u00e9vou\u00e9es qui animaient et soutenaient la vie religieuse et sociale. En Valais, la premi\u00e8re Confr\u00e9rie du Saint-Esprit fut fond\u00e9e au milieu du XIII\u00e8me si\u00e8cle dans le val d\u2019Anniviers. La Confr\u00e9rie du Saint-Sacrement [&hellip;]<\/p>\n","protected":false},"author":1,"featured_media":0,"parent":0,"menu_order":0,"comment_status":"closed","ping_status":"closed","template":"","meta":{"_et_pb_use_builder":"on","_et_pb_old_content":"<p>D\u00e8s le XIII\u00e8me si\u00e8cle, les confr\u00e9ries jou\u00e8rent dans nos paroisses un r\u00f4le humanitaire important. C\u2019\u00e9taient en effet des associations de personnes pieuses et d\u00e9vou\u00e9es qui animaient et soutenaient la vie religieuse et sociale. En Valais, la premi\u00e8re Confr\u00e9rie du Saint-Esprit fut fond\u00e9e au milieu du XIII\u00e8me si\u00e8cle dans le val d\u2019Anniviers. La Confr\u00e9rie du Saint-Sacrement faisait c\u00e9l\u00e9brer dignement la F\u00eate-Dieu, notre confr\u00e9rie en est donc sa digne fille h\u00e9riti\u00e8re.<\/p><p>L\u2019\u00e9glise de Chippis formait paroisse d\u00e9j\u00e0 au XIII\u00e8me si\u00e8cle. Mais la juridiction curiale de Chalais sur Chippis \u00e9tait en vigueur. Notre communaut\u00e9 devait donc participer aux frais de l\u2019\u00e9glise et de la cure de la paroisse m\u00e8re. Notre ind\u00e9pendance totale en mati\u00e8re paroissiale interviendra \u00e0 la suite du terrible tremblement de terre du 25 juillet 1855. Chippis s\u2019occupa aussit\u00f4t de transformer sa chapelle en une vaste \u00e9glise paroissiale comprenant cinq autels, consacr\u00e9e le 20 juillet 1868.<\/p><p>La premi\u00e8re assembl\u00e9e du Corps de Dieu de Chippis a eu lieu le 11 juin 1868. Notre confr\u00e9rie avait ax\u00e9 son action sur l\u2019aspect militaire de la F\u00eate-Dieu, en appelant son assembl\u00e9e, s\u00e9ance militaire ou r\u00e9union militaire. Celle-ci \u00e9tait compl\u00e9t\u00e9e par une agape o\u00f9 l\u2019on faisait honneur au pain, au fromage et au vin.<\/p><p>Le premier pr\u00e9sident de notre confr\u00e9rie s\u2019appelait Zacharie Zufferey de Gabriel et il resta en fonction durant pr\u00e8s de 30 ans. Les buts de la confr\u00e9rie \u00e9taient de tenir la s\u00e9ance militaire, de faire honneur \u00e0 la parade du jour et de proc\u00e9der au r\u00e8glement de ses d\u00e9penses. A l\u2019occasion de l\u2019assembl\u00e9e on assistait \u00e9galement \u00e0 la traditionnelle mise en adjudication des places disponibles pour la parade. Pendant longtemps, plusieurs reposoirs \u00e9taient install\u00e9s dans les rues de notre village.<\/p><p>Le pr\u00e9sident en fonction, fonctionnait comme commandant de la parade. Le sapeur, arm\u00e9 de sa hache, d\u00e9filait en t\u00eate du d\u00e9tachement. Le porte-drapeau ainsi que les quatre gardes du drapeau, \u00e9taient dirig\u00e9s par un commandant du drapeau. Puis venaient les artilleurs, les carabiniers et les tirailleurs. A cette \u00e9poque le drapeau \u00e9tait celui de la bourgeoisie. Notre drapeau actuel a \u00e9t\u00e9 b\u00e9ni en\u00a0 1963 et ce sont les s\u0153urs de G\u00e9ronde qui en ont eu la charge de sa confection.<\/p><p>D\u00e8s la fondation de notre confr\u00e9rie, c\u2019\u00e9tait la bourgeoisie qui se faisait un plaisir d\u2019offrir le vin de la F\u00eate-Dieu.\u00a0 Mais tr\u00e8s t\u00f4t nos anc\u00eatres envisag\u00e8rent d\u2019acqu\u00e9rir une vigne. En 1875, la premi\u00e8re vigne, sise \u00e0 Sous-G\u00e9ronde, fut achet\u00e9e. Tous les soci\u00e9taires \u00e9taient tenus de travailler la vigne. En 1900, la deuxi\u00e8me vigne, sise sur la commune de Veyras fut \u00e9galement achet\u00e9e. D\u00e8s lors, la fonction de vigneron-procureur fut cr\u00e9\u00e9, elle laissa par la suite la place \u00e0 la fonction de m\u00e9tral.<\/p><p>A l\u2019occasion de d\u00e9c\u00e8s, les domicili\u00e9s \u00e0 Chippis devaient obligatoirement participer au convoi fun\u00e8bre. On instaura des amendes pour les personnes qui n\u2019\u00e9taient pas pr\u00e9sentes \u00e0 un ensevelissement.<\/p><p>Nos fondateurs se faisaient un point d\u2019honneur d\u2019organiser \u00e0 la perfection la parade de la F\u00eate-Dieu. Ils fix\u00e8rent l\u2019obligation de parader jusqu\u2019\u00e0 l\u2019\u00e2ge de 50 ans pour les militaires incorpor\u00e9s au service et seuls les militaires pouvaient assister \u00e0 la r\u00e9ception le jour de la F\u00eate-Dieu. Nos anc\u00eatres ont eu recours \u00e0 des mercenaires musiciens pour rehausser la F\u00eate-Dieu \u00e9tant donn\u00e9 que notre fanfare municipale n\u2019a vu le jour qu\u2019en 1907.<\/p><p>Pour marquer l\u2019esprit d\u2019union, tr\u00e8s t\u00f4t, on a \u00e9mis le v\u0153u de porter un insigne. Le port de cet insigne \u00e9tait exig\u00e9 lors d\u2019un enterrement de soci\u00e9taires. Nos rencontres \u00e9taient presque toujours closes par le chant de l\u2019hymne national.<\/p><p>Le commandant avait pour t\u00e2che de garantir la discipline des militaires durant les c\u00e9r\u00e9monies de la F\u00eate-Dieu. A une certaine \u00e9poque, nos confr\u00e8res sont m\u00eame all\u00e9s jusqu\u2019\u00e0 supprimer la parade militaire ceci afin de rehausser la solennit\u00e9 par une garde d\u2019honneur compos\u00e9e de cinq Vieux Suisses.<\/p><p>Les nouveaux statuts ont \u00e9t\u00e9 adopt\u00e9s par l\u2019assembl\u00e9e de 1970. Les fils de membres, les bourgeois de Chippis et les habitants de Chippis sont admis au sein de notre soci\u00e9t\u00e9. Des membres honoraires sont \u00e9galement pr\u00e9vus dans nos statuts.<\/p><p>Notre soci\u00e9t\u00e9 compte actuellement une huitantaine de membres, notre assembl\u00e9e g\u00e9n\u00e9rale a lieu le troisi\u00e8me dimanche de janvier. Nous sentons au travers de la ferveur de nos confr\u00e8res vibrer la passion et la fiert\u00e9, ainsi notre parade et notre reposoir en sont leur digne illustration.<\/p>","_et_gb_content_width":"","footnotes":""},"class_list":["post-28874","page","type-page","status-publish","hentry"],"_links":{"self":[{"href":"https:\/\/www.corpsdedieu.ch\/index.php?rest_route=\/wp\/v2\/pages\/28874","targetHints":{"allow":["GET"]}}],"collection":[{"href":"https:\/\/www.corpsdedieu.ch\/index.php?rest_route=\/wp\/v2\/pages"}],"about":[{"href":"https:\/\/www.corpsdedieu.ch\/index.php?rest_route=\/wp\/v2\/types\/page"}],"author":[{"embeddable":true,"href":"https:\/\/www.corpsdedieu.ch\/index.php?rest_route=\/wp\/v2\/users\/1"}],"replies":[{"embeddable":true,"href":"https:\/\/www.corpsdedieu.ch\/index.php?rest_route=%2Fwp%2Fv2%2Fcomments&post=28874"}],"version-history":[{"count":12,"href":"https:\/\/www.corpsdedieu.ch\/index.php?rest_route=\/wp\/v2\/pages\/28874\/revisions"}],"predecessor-version":[{"id":29303,"href":"https:\/\/www.corpsdedieu.ch\/index.php?rest_route=\/wp\/v2\/pages\/28874\/revisions\/29303"}],"wp:attachment":[{"href":"https:\/\/www.corpsdedieu.ch\/index.php?rest_route=%2Fwp%2Fv2%2Fmedia&parent=28874"}],"curies":[{"name":"wp","href":"https:\/\/api.w.org\/{rel}","templated":true}]}}