{"id":28876,"date":"2018-11-02T11:20:53","date_gmt":"2018-11-02T10:20:53","guid":{"rendered":"http:\/\/qz3j6take.preview.infomaniak.website\/?page_id=28876"},"modified":"2024-12-02T21:48:11","modified_gmt":"2024-12-02T20:48:11","slug":"statuts","status":"publish","type":"page","link":"https:\/\/www.corpsdedieu.ch\/?page_id=28876","title":{"rendered":"Statuts"},"content":{"rendered":"<p>[et_pb_section fb_built=\u00a0\u00bb1&Prime; _builder_version=\u00a0\u00bb4.16&Prime; global_colors_info=\u00a0\u00bb{}\u00a0\u00bb][et_pb_row _builder_version=\u00a0\u00bb4.27.4&Prime; background_size=\u00a0\u00bbinitial\u00a0\u00bb background_position=\u00a0\u00bbtop_left\u00a0\u00bb background_repeat=\u00a0\u00bbrepeat\u00a0\u00bb global_colors_info=\u00a0\u00bb{}\u00a0\u00bb][et_pb_column type=\u00a0\u00bb4_4&Prime; _builder_version=\u00a0\u00bb4.16&Prime; custom_padding=\u00a0\u00bb|||\u00a0\u00bb global_colors_info=\u00a0\u00bb{}\u00a0\u00bb custom_padding__hover=\u00a0\u00bb|||\u00a0\u00bb][et_pb_image src=\u00a0\u00bb\/wp-content\/uploads\/2019\/03\/statut.jpg\u00a0\u00bb align=\u00a0\u00bbcenter\u00a0\u00bb align_tablet=\u00a0\u00bbcenter\u00a0\u00bb align_phone=\u00a0\u00bb\u00a0\u00bb align_last_edited=\u00a0\u00bbon|desktop\u00a0\u00bb _builder_version=\u00a0\u00bb4.16&Prime; max_width=\u00a0\u00bb72%\u00a0\u00bb module_alignment=\u00a0\u00bbcenter\u00a0\u00bb filter_brightness=\u00a0\u00bb97%\u00a0\u00bb filter_sepia=\u00a0\u00bb21%\u00a0\u00bb animation_style=\u00a0\u00bbfold\u00a0\u00bb global_colors_info=\u00a0\u00bb{}\u00a0\u00bb][\/et_pb_image][et_pb_post_title meta=\u00a0\u00bboff\u00a0\u00bb _builder_version=\u00a0\u00bb4.16&Prime; global_colors_info=\u00a0\u00bb{}\u00a0\u00bb][\/et_pb_post_title][et_pb_button button_url=\u00a0\u00bbhttps:\/\/www.corpsdedieu.ch\/wp-content\/uploads\/2024\/12\/Statuts.pdf\u00a0\u00bb url_new_window=\u00a0\u00bbon\u00a0\u00bb button_text=\u00a0\u00bbT\u00e9l\u00e9charger les statuts\u00a0\u00bb button_alignment=\u00a0\u00bbcenter\u00a0\u00bb _builder_version=\u00a0\u00bb4.27.4&Prime; custom_button=\u00a0\u00bbon\u00a0\u00bb button_text_color=\u00a0\u00bb#000000&Prime; button_border_width=\u00a0\u00bb1px\u00a0\u00bb button_font=\u00a0\u00bb||||||||\u00a0\u00bb button_icon=\u00a0\u00bb&#xe0e8;||divi||400&Prime; button_icon_color=\u00a0\u00bb#000000&Prime; button_icon_placement=\u00a0\u00bbleft\u00a0\u00bb button_on_hover=\u00a0\u00bboff\u00a0\u00bb animation_style=\u00a0\u00bbslide\u00a0\u00bb hover_enabled=\u00a0\u00bb0&Prime; global_colors_info=\u00a0\u00bb{}\u00a0\u00bb sticky_enabled=\u00a0\u00bb0&Prime; min_height=\u00a0\u00bb151.6px\u00a0\u00bb][\/et_pb_button][et_pb_text admin_label=\u00a0\u00bbTexte\u00a0\u00bb _builder_version=\u00a0\u00bb4.16&Prime; background_size=\u00a0\u00bbinitial\u00a0\u00bb background_position=\u00a0\u00bbtop_left\u00a0\u00bb background_repeat=\u00a0\u00bbrepeat\u00a0\u00bb global_colors_info=\u00a0\u00bb{}\u00a0\u00bb]<\/p>\n<h2 style=\"text-align: center;\"><\/h2>\n<h2 style=\"text-align: center;\">STATUTS DE LA SOCIETE \u00ab CORPS DE DIEU \u00bb<br \/>CHIPPIS<\/h2>\n<h4 style=\"text-align: left;\"><span style=\"text-decoration: underline;\">Pr\u00e9ambule<\/span><\/h4>\n<p style=\"text-align: justify;\">La vie religieuse de nos paroisses \u00e9tait soutenue par diverses associations de personnes, regroup\u00e9es sous le nom de <em>\u00ab Confr\u00e9rie<\/em>\u00a0\u00bb, qui couvraient divers aspects de la vie paroissiale. En particulier la confr\u00e9rie du Saint-Sacrement soutenait la c\u00e9l\u00e9bration de la F\u00eate-Dieu.<\/p>\n<p>La paroisse de Chippis fut \u00e9rig\u00e9e en paroisse ind\u00e9pendante en 1856. La 1 \u00e8re \u00e9glise paroissiale, dite du Bord, fut consacr\u00e9e le 20 juillet 1868. C\u2019est dans cette p\u00e9riode de mutations que fut cr\u00e9\u00e9e la Confr\u00e9rie du Corps de Dieu de Chippis. Elle tiendra son assembl\u00e9e constitutive le 11 juin 1868. Son but sera de rehausser la F\u00eate-Dieu par la parade.<\/p>\n<p>Les statuts sont adopt\u00e9s par la confr\u00e9rie et ils seront adapt\u00e9s \u00e0 l\u2019\u00e9volution du temps par diverses modifications partielles. Les statuts en vigueur avant la pr\u00e9sente modification partielle datent du 1 mars 1987.<\/p>\n<h4 style=\"text-align: left;\"><span style=\"text-decoration: underline;\">Chapitre I : Buts et ressources<br \/><\/span><\/h4>\n<p style=\"text-align: justify;\"><strong>Art. 1<\/strong><br \/>Sous la d\u00e9nomination \u00ab Confr\u00e9rie du Corps de Dieu \u00ab, il est constitu\u00e9 une association au sens des art. 60ss du code civil suisse, regroupant les descendants des personnes ressortissantes de la commune de Chippis, association ayant pour but de rehausser l\u2019\u00e9clat de la F\u00eate du Tr\u00e8s-Saint-Sacrement (F\u00eate-Dieu) par une garde d\u2019honneur (parade) de 5 membres costum\u00e9s au minimum.<\/p>\n<p><strong>Art. 2<\/strong><br \/>La dur\u00e9e de l\u2019association est illimit\u00e9e pour autant que son but peut \u00eatre maintenu.<br \/>L\u2019association a son si\u00e8ge \u00e0 Chippis, \u00e0 l\u2019adresse postale de son pr\u00e9sident.<\/p>\n<p><strong>Art. 3<\/strong><br \/>La caisse de l\u2019association est aliment\u00e9e par :<\/p>\n<p style=\"padding-left: 40px;\">a) la finance d&rsquo;entr\u00e9e des membres<br \/>b) la cotisation annuelle<br \/>c) le produit de la vente de la vendange<br \/>d) les dons et les subsides<br \/>e) les produits de manifestations diverses.<\/p>\n<p><strong>Art. 4<\/strong><br \/>Ces ressources sont notamment affect\u00e9es \u00e0 :<\/p>\n<p style=\"padding-left: 40px;\">a) gratifier d&rsquo;une r\u00e9ception la garde d&rsquo;honneur<br \/>b) r\u00e9tribuer le m\u00e9tral <br \/>c) r\u00e9tribuer les vacations du comit\u00e9<br \/>d) payer les frais de construction des reposoirs<br \/>e) payer les frais de gestion, les frais de la vigne et autres activit\u00e9s de la confr\u00e9rie.<\/p>\n<p>Le solde actif est d\u00e9pos\u00e9 aupr\u00e8s d\u2019une banque pour constituer un fonds de r\u00e9serve.<\/p>\n<p><strong>Art. 5<\/strong><br \/>L\u2019association est repr\u00e9sent\u00e9e vis-vis des tiers par son comit\u00e9. Elle est engag\u00e9e par la signature collective \u00e0 deux du pr\u00e9sident avec le secr\u00e9taire ou le caissier.<\/p>\n<h4><span style=\"text-decoration: underline;\">Chapitre II : Membres<br \/><\/span><\/h4>\n<p><strong>Art. 6<br \/><\/strong>Sont consid\u00e9r\u00e9s comme membres de droit de la confr\u00e9rie :<br \/>Les descendants des membres fondateurs ; l\u2019exercice de leur droit est soumis \u00e0 l\u2019agr\u00e9gation.<\/p>\n<p><strong>Art. 7<br \/><\/strong>Peuvent \u00eatre admis et reconnus membres de la confr\u00e9rie, d\u00e8s l\u2019\u00e2ge de 18 ans :<\/p>\n<p style=\"padding-left: 40px;\">a) Les descendants d\u2019un soci\u00e9taire domicili\u00e9 ou non-domicili\u00e9 d\u00fbment agr\u00e9\u00e9s<br \/>b) Les personnes domicili\u00e9es sur la commune de Chippis qui adh\u00e8rent aux buts de la confr\u00e9rie et qui ont \u00e9t\u00e9 re\u00e7ues et d\u00fbment agr\u00e9\u00e9es par la confr\u00e9rie.<\/p>\n<p>La finance d\u2019entr\u00e9e des membres est fix\u00e9e par l\u2019assembl\u00e9e g\u00e9n\u00e9rale.<br \/>Pour \u00eatre admis membre de la confr\u00e9rie, le requ\u00e9rant doit obtenir l\u2019approbation de la majorit\u00e9 des membres pr\u00e9sents \u00e0 l\u2019assembl\u00e9e.<br \/>Les demandes d\u2019admission doivent \u00eatre adress\u00e9es par \u00e9crit au pr\u00e9sident de la confr\u00e9rie un mois avant l\u2019assembl\u00e9e g\u00e9n\u00e9rale ordinaire.<\/p>\n<p><strong>Art. 8<br \/><\/strong>La qualit\u00e9 de membre de la confr\u00e9rie se perd par la d\u00e9mission, l\u2019exclusion ou le d\u00e9c\u00e8s.<\/p>\n<p>L\u2019exclusion est prononc\u00e9e par le comit\u00e9 contre le membre ne respectant pas les statuts ou les buts de la confr\u00e9rie, pour indiscipline notoire aux assembl\u00e9es et pour non-paiement de la cotisation annuelle (cf art. 23). Un recours peut \u00eatre adress\u00e9 contre la d\u00e9cision d\u2019exclusion aupr\u00e8s de l\u2019assembl\u00e9e g\u00e9n\u00e9rale dans les 30 jours d\u00e8s r\u00e9ception de la d\u00e9cision. Le membre exclu perd tous droits aux avoirs sociaux.<\/p>\n<h4><span style=\"text-decoration: underline;\"><\/span><\/h4>\n<h4><span style=\"text-decoration: underline;\">Chapitre III : Organisation de la confr\u00e9rie<br \/><\/span><\/h4>\n<p><strong>Art. 9<\/strong><br \/>Les organes de la confr\u00e9rie sont :<\/p>\n<p style=\"padding-left: 40px;\">a) l&rsquo;assembl\u00e9e g\u00e9n\u00e9rale<br \/>b) le comit\u00e9 compos\u00e9 de trois membres : pr\u00e9sident, secr\u00e9taire, caissier<br \/>c) les 2 v\u00e9rificateurs de comptes.<\/p>\n<p><strong>Art. 10<\/strong><br \/>L&rsquo;assembl\u00e9e g\u00e9n\u00e9rale est le pouvoir supr\u00eame de la confr\u00e9rie. Elle est comp\u00e9tente :<\/p>\n<p style=\"padding-left: 40px;\">a) pour nommer le comit\u00e9<br \/>b) pour d\u00e9signer le pr\u00e9sident<br \/>c) pour nommer les v\u00e9rificateurs de comptes<br \/>d) pour nommer le porte-drapeau<br \/>e) pour approuver les comptes<br \/>f) pour se prononcer sur l&rsquo;admission d\u2019un soci\u00e9taire<br \/>g) pour d\u00e9cider de la r\u00e9vision des statuts et de la dissolution de la confr\u00e9rie<\/p>\n<p><strong>Art. 11<\/strong><br \/>Les votes ont lieu en principe \u00e0 mains lev\u00e9es et \u00e0 la majorit\u00e9 des membres pr\u00e9sents ; \u00e0 la demande d\u2019un membre, ils auront lieu au bulletin secret.<\/p>\n<p><strong>Art. 12<\/strong><br \/>L\u2019assembl\u00e9e g\u00e9n\u00e9rale est convoqu\u00e9e annuellement en s\u00e9ance ordinaire en principe le 3\u00e8 dimanche du mois de janvier. Celle-ci sera suivie d&rsquo;un d\u00eener offert par la confr\u00e9rie sauf les ann\u00e9es de sortie extra-muros.<\/p>\n<p><strong>Art. 13<\/strong><br \/>Une assembl\u00e9e g\u00e9n\u00e9rale peut \u00eatre convoqu\u00e9e par le comit\u00e9 chaque fois qu&rsquo;il le juge n\u00e9cessaire.<\/p>\n<p><strong>Art. 14<\/strong><br \/>Une assembl\u00e9e g\u00e9n\u00e9rale sera notamment convoqu\u00e9e lorsque le 1\/5 des membres en aura fait la demande.<\/p>\n<p><strong>Art. 15<\/strong><br \/>Chaque membre est convoqu\u00e9 personnellement \u00e0 chaque assembl\u00e9e ou ensevelissement.<\/p>\n<p><strong>Art. 16<\/strong><br \/>La participation aux assembl\u00e9es g\u00e9n\u00e9rales est obligatoire, l\u2019absence \u00e9tant admise pour justes motifs.<\/p>\n<p><strong>Art. 17<\/strong><br \/>Le comit\u00e9 est nomm\u00e9 pour deux ans et est r\u00e9\u00e9ligible. En cas d\u2019emp\u00eachement temporaire d\u2019un membre, le comit\u00e9 pourvoit \u00e0 sa suppl\u00e9ance \u00e0 l\u2019interne.<\/p>\n<p><strong>Art.18<\/strong><br \/>Les attributions du comit\u00e9 sont les suivantes :<\/p>\n<p style=\"padding-left: 40px;\">a) assurer la gestion courante de la confr\u00e9rie<br \/>b) convoquer et g\u00e9rer l\u2019assembl\u00e9e g\u00e9n\u00e9rale<br \/>c) fixer l\u2019ordre du jour des assembl\u00e9es g\u00e9n\u00e9rales<br \/>d) organiser la garde d\u2019honneur pour la F\u00eate-Dieu et d\u00e9signer ses responsables<br \/>e) r\u00e9ceptionner les soci\u00e9t\u00e9s qui, par leur concours, rehaussent la solennit\u00e9 de la F\u00eate-Dieu<br \/>f) surveiller le travail de la vigne et vendre la vendange<br \/>g) contr\u00f4ler la participation des membres aux ensevelissements<br \/>h) proc\u00e9der \u00e0 l\u2019encaissement des cotisations annuelles<\/p>\n<h4><span style=\"text-decoration: underline;\">Chapitre IV : Obligations des membres<br \/><\/span><\/h4>\n<p><strong>Art. 19<br \/><\/strong>Chaque membre de la confr\u00e9rie est tenu de participer \u00e0 la garde d&rsquo;honneur de la F\u00eate-Dieu. Peuvent \u00eatre exempt\u00e9s les membres des soci\u00e9t\u00e9s de chant et de musique.<\/p>\n<p><strong>Art. 20<\/strong><br \/>Les militaires sont plac\u00e9s sous le r\u00e9gime militaire. Celui-ci sera lev\u00e9 par le commandant du jour d\u00e8s la remise du drapeau de la parade.<\/p>\n<p><strong>Art. 21<\/strong><br \/>Le soci\u00e9taire est tenu d&rsquo;assister \u00e0 l&rsquo;ensevelissement de tout cosoci\u00e9taire domicili\u00e9 dans la commune. Pour les soci\u00e9taires non-domicili\u00e9s dans la commune, une d\u00e9l\u00e9gation accompagnera le drapeau. En cas d\u2019ensevelissement dans le cadre familial ou dans l\u2019intimit\u00e9, le comit\u00e9 veillera \u00e0 la repr\u00e9sentation d\u2019entente avec la famille du d\u00e9funt.<\/p>\n<p><strong>Art. 22<\/strong><br \/>Lors des manifestations de la confr\u00e9rie, le port de l\u2019insigne est obligatoire, sauf pour les membres d\u2019une soci\u00e9t\u00e9 en uniforme et pour les parents en cas d\u2019ensevelissement.<\/p>\n<p><strong>Art. 23<\/strong><br \/>Les membres sont appel\u00e9s \u00e0 payer une cotisation annuelle fix\u00e9e par l\u2019assembl\u00e9e g\u00e9n\u00e9rale. Le non-paiement de 2 cotisations annuelles entra\u00eene la perte de la qualit\u00e9 de membre et des droits aux avoirs sociaux.<strong><\/strong><\/p>\n<h4><span style=\"text-decoration: underline;\">Chapitre V : Dispositions diverses<\/span><em><\/em><\/h4>\n<p><strong>Art. 24<\/strong><br \/>Pour la garde d&rsquo;honneur, le comit\u00e9 peut faire appel \u00e0 des personnes \u00e9trang\u00e8res \u00e0 la confr\u00e9rie.<\/p>\n<p><strong>Art. 25<\/strong><br \/>Le comit\u00e9 aura \u00e0 c\u0153ur de faire observer en outre toutes les r\u00e8gles non pr\u00e9vues par le pr\u00e9sent r\u00e8glement et cependant maintenues en vigueur par la coutume.<\/p>\n<p><strong>Art. 26<\/strong><br \/>La dissolution de la confr\u00e9rie pourra se produire :<\/p>\n<p style=\"padding-left: 40px;\">a) Par d\u00e9cision de l\u2019assembl\u00e9e g\u00e9n\u00e9rale \u00e0 la majorit\u00e9 des 2\/3 des membres pr\u00e9sents<br \/>b) Lorsque les buts de la confr\u00e9rie ne peuvent plus \u00eatre atteints.<\/p>\n<p><strong>Art. 27<\/strong><br \/>En cas de dissolution de l\u2019association, la liquidation des biens sociaux se fera par r\u00e9partition \u00e0 parts \u00e9gales des 2\/3 des biens entre les membres et le solde constitu\u00e9 en fonds et attribu\u00e9 \u00e0 une \u0153uvre pie de la paroisse ou de la commune de Chippis, selon d\u00e9cision des soci\u00e9taires.<\/p>\n<p><strong>Art. 28<\/strong><br \/>Toutes les convocations et communications aux membres de la confr\u00e9rie peuvent se faire par les moyens appropri\u00e9s choisis par le comit\u00e9, notamment par porteur, envoi postal ou par voie \u00e9lectronique.<\/p>\n<p style=\"text-align: center;\">Statuts modifi\u00e9s partiellement en assembl\u00e9e g\u00e9n\u00e9rale du 18 septembre 2022.<\/p>\n<p>[\/et_pb_text][\/et_pb_column][\/et_pb_row][\/et_pb_section]<\/p>\n","protected":false},"excerpt":{"rendered":"<p>STATUTS DE LA SOCIETE \u00ab CORPS DE DIEU \u00bbCHIPPIS Pr\u00e9ambule La vie religieuse de nos paroisses \u00e9tait soutenue par diverses associations de personnes, regroup\u00e9es sous le nom de \u00ab Confr\u00e9rie\u00a0\u00bb, qui couvraient divers aspects de la vie paroissiale. En particulier la confr\u00e9rie du Saint-Sacrement soutenait la c\u00e9l\u00e9bration de la F\u00eate-Dieu. La paroisse de Chippis fut [&hellip;]<\/p>\n","protected":false},"author":1,"featured_media":0,"parent":0,"menu_order":0,"comment_status":"closed","ping_status":"closed","template":"","meta":{"_et_pb_use_builder":"on","_et_pb_old_content":"","_et_gb_content_width":"","footnotes":""},"class_list":["post-28876","page","type-page","status-publish","hentry"],"_links":{"self":[{"href":"https:\/\/www.corpsdedieu.ch\/index.php?rest_route=\/wp\/v2\/pages\/28876","targetHints":{"allow":["GET"]}}],"collection":[{"href":"https:\/\/www.corpsdedieu.ch\/index.php?rest_route=\/wp\/v2\/pages"}],"about":[{"href":"https:\/\/www.corpsdedieu.ch\/index.php?rest_route=\/wp\/v2\/types\/page"}],"author":[{"embeddable":true,"href":"https:\/\/www.corpsdedieu.ch\/index.php?rest_route=\/wp\/v2\/users\/1"}],"replies":[{"embeddable":true,"href":"https:\/\/www.corpsdedieu.ch\/index.php?rest_route=%2Fwp%2Fv2%2Fcomments&post=28876"}],"version-history":[{"count":30,"href":"https:\/\/www.corpsdedieu.ch\/index.php?rest_route=\/wp\/v2\/pages\/28876\/revisions"}],"predecessor-version":[{"id":32282,"href":"https:\/\/www.corpsdedieu.ch\/index.php?rest_route=\/wp\/v2\/pages\/28876\/revisions\/32282"}],"wp:attachment":[{"href":"https:\/\/www.corpsdedieu.ch\/index.php?rest_route=%2Fwp%2Fv2%2Fmedia&parent=28876"}],"curies":[{"name":"wp","href":"https:\/\/api.w.org\/{rel}","templated":true}]}}