{"id":28878,"date":"2018-11-02T11:17:28","date_gmt":"2018-11-02T10:17:28","guid":{"rendered":"http:\/\/qz3j6take.preview.infomaniak.website\/?page_id=28878"},"modified":"2019-03-12T11:41:37","modified_gmt":"2019-03-12T10:41:37","slug":"comite","status":"publish","type":"page","link":"https:\/\/www.corpsdedieu.ch\/?page_id=28878","title":{"rendered":"Comit\u00e9"},"content":{"rendered":"<p>[et_pb_section fb_built=\u00a0\u00bb1&Prime; _builder_version=\u00a0\u00bb3.0.47&Prime;][et_pb_row custom_padding=\u00a0\u00bb27px|0px|30px|0px|false|false\u00a0\u00bb _builder_version=\u00a0\u00bb3.20.1&Prime; background_size=\u00a0\u00bbinitial\u00a0\u00bb background_position=\u00a0\u00bbtop_left\u00a0\u00bb background_repeat=\u00a0\u00bbrepeat\u00a0\u00bb][et_pb_column type=\u00a0\u00bb4_4&Prime; _builder_version=\u00a0\u00bb3.0.47&Prime;][et_pb_post_title meta=\u00a0\u00bboff\u00a0\u00bb _builder_version=\u00a0\u00bb3.20.1&Prime; title_font=\u00a0\u00bb||||||||\u00a0\u00bb][\/et_pb_post_title][et_pb_text admin_label=\u00a0\u00bbTexte\u00a0\u00bb _builder_version=\u00a0\u00bb3.20.2&Prime; background_size=\u00a0\u00bbinitial\u00a0\u00bb background_position=\u00a0\u00bbtop_left\u00a0\u00bb background_repeat=\u00a0\u00bbrepeat\u00a0\u00bb]<\/p>\n<p style=\"text-align: justify;\">L&rsquo;actuel comit\u00e9 de la Soci\u00e9t\u00e9 du Corps de Dieu est en fonction depuis janvier 2019. Il a \u00e9t\u00e9 compl\u00e9t\u00e9 par Julien Terrettaz au poste de Secr\u00e9taire.<\/p>\n<p>[\/et_pb_text][\/et_pb_column][\/et_pb_row][et_pb_row custom_padding=\u00a0\u00bb31px|0px|27px|0px|false|false\u00a0\u00bb _builder_version=\u00a0\u00bb3.20.1&Prime; module_alignment=\u00a0\u00bbcenter\u00a0\u00bb][et_pb_column type=\u00a0\u00bb1_3&Prime; _builder_version=\u00a0\u00bb3.20.1&Prime;][et_pb_team_member name=\u00a0\u00bbBlaise Zufferey\u00a0\u00bb position=\u00a0\u00bbPr\u00e9sident\u00a0\u00bb image_url=\u00a0\u00bb\/wp-content\/uploads\/2019\/03\/blaise.jpg\u00a0\u00bb admin_label=\u00a0\u00bbPr\u00e9sident\u00a0\u00bb _builder_version=\u00a0\u00bb3.20.2&Prime; header_text_align=\u00a0\u00bbcenter\u00a0\u00bb body_text_align=\u00a0\u00bbcenter\u00a0\u00bb text_orientation=\u00a0\u00bbcenter\u00a0\u00bb][\/et_pb_team_member][\/et_pb_column][et_pb_column type=\u00a0\u00bb1_3&Prime; _builder_version=\u00a0\u00bb3.20.1&Prime;][et_pb_team_member name=\u00a0\u00bbFr\u00e9d\u00e9ric Oggier\u00a0\u00bb position=\u00a0\u00bbCaissier\u00a0\u00bb image_url=\u00a0\u00bb\/wp-content\/uploads\/2019\/03\/frederic.jpg\u00a0\u00bb admin_label=\u00a0\u00bbCaisse\u00a0\u00bb _builder_version=\u00a0\u00bb3.20.2&Prime; header_text_align=\u00a0\u00bbcenter\u00a0\u00bb body_text_align=\u00a0\u00bbcenter\u00a0\u00bb text_orientation=\u00a0\u00bbcenter\u00a0\u00bb][\/et_pb_team_member][\/et_pb_column][et_pb_column type=\u00a0\u00bb1_3&Prime; _builder_version=\u00a0\u00bb3.20.1&Prime;][et_pb_team_member name=\u00a0\u00bbJulien Terrettaz\u00a0\u00bb position=\u00a0\u00bbSecr\u00e9taire\u00a0\u00bb image_url=\u00a0\u00bb\/wp-content\/uploads\/2019\/03\/julien.jpg\u00a0\u00bb admin_label=\u00a0\u00bbSecr\u00e9taire\u00a0\u00bb _builder_version=\u00a0\u00bb3.20.2&Prime; header_text_align=\u00a0\u00bbcenter\u00a0\u00bb body_text_align=\u00a0\u00bbcenter\u00a0\u00bb text_orientation=\u00a0\u00bbcenter\u00a0\u00bb][\/et_pb_team_member][\/et_pb_column][\/et_pb_row][et_pb_row custom_padding=\u00a0\u00bb41px|0px|27px|0px|false|false\u00a0\u00bb _builder_version=\u00a0\u00bb3.0.48&Prime; background_size=\u00a0\u00bbinitial\u00a0\u00bb background_position=\u00a0\u00bbtop_left\u00a0\u00bb background_repeat=\u00a0\u00bbrepeat\u00a0\u00bb][et_pb_column type=\u00a0\u00bb4_4&Prime; _builder_version=\u00a0\u00bb3.0.47&Prime;][et_pb_text _builder_version=\u00a0\u00bb3.20.1&Prime;]<\/p>\n<p style=\"text-align: center;\"><strong>Avez-vous besoin de prendre contact avec le comit\u00e9 de la Soci\u00e9t\u00e9 ? Pri\u00e8re de visiter notre de page de <a href=\"?page_id=28880\">contact<\/a>.<\/strong><\/p>\n<p>[\/et_pb_text][\/et_pb_column][\/et_pb_row][\/et_pb_section]<\/p>\n","protected":false},"excerpt":{"rendered":"<p>L&rsquo;actuel comit\u00e9 de la Soci\u00e9t\u00e9 du Corps de Dieu est en fonction depuis janvier 2019. Il a \u00e9t\u00e9 compl\u00e9t\u00e9 par Julien Terrettaz au poste de Secr\u00e9taire. Avez-vous besoin de prendre contact avec le comit\u00e9 de la Soci\u00e9t\u00e9 ? Pri\u00e8re de visiter notre de page de contact.<\/p>\n","protected":false},"author":1,"featured_media":0,"parent":0,"menu_order":0,"comment_status":"closed","ping_status":"closed","template":"","meta":{"_et_pb_use_builder":"on","_et_pb_old_content":"","_et_gb_content_width":"","footnotes":""},"class_list":["post-28878","page","type-page","status-publish","hentry"],"_links":{"self":[{"href":"https:\/\/www.corpsdedieu.ch\/index.php?rest_route=\/wp\/v2\/pages\/28878","targetHints":{"allow":["GET"]}}],"collection":[{"href":"https:\/\/www.corpsdedieu.ch\/index.php?rest_route=\/wp\/v2\/pages"}],"about":[{"href":"https:\/\/www.corpsdedieu.ch\/index.php?rest_route=\/wp\/v2\/types\/page"}],"author":[{"embeddable":true,"href":"https:\/\/www.corpsdedieu.ch\/index.php?rest_route=\/wp\/v2\/users\/1"}],"replies":[{"embeddable":true,"href":"https:\/\/www.corpsdedieu.ch\/index.php?rest_route=%2Fwp%2Fv2%2Fcomments&post=28878"}],"version-history":[{"count":13,"href":"https:\/\/www.corpsdedieu.ch\/index.php?rest_route=\/wp\/v2\/pages\/28878\/revisions"}],"predecessor-version":[{"id":29364,"href":"https:\/\/www.corpsdedieu.ch\/index.php?rest_route=\/wp\/v2\/pages\/28878\/revisions\/29364"}],"wp:attachment":[{"href":"https:\/\/www.corpsdedieu.ch\/index.php?rest_route=%2Fwp%2Fv2%2Fmedia&parent=28878"}],"curies":[{"name":"wp","href":"https:\/\/api.w.org\/{rel}","templated":true}]}}